{"id":35,"date":"2024-10-25T12:45:52","date_gmt":"2024-10-25T12:45:52","guid":{"rendered":"https:\/\/nickymanega.com\/?page_id=35"},"modified":"2024-10-25T14:12:59","modified_gmt":"2024-10-25T14:12:59","slug":"chi-e-nicky","status":"publish","type":"page","link":"https:\/\/nickymanega.com\/?page_id=35","title":{"rendered":"Chi \u00e8 Nicky"},"content":{"rendered":"<h1>Nicky Manega<\/h1>\n<p><strong>Nicky Manega: Una Vita per il Legno e la Tavola<\/strong><br \/>\nFin da piccolo, Nicky \u00e8 affascinato dal legno. Ogni pezzo racconta la propria storia, nascosta tra i nodi e gli anelli. Per Nicky non si tratta solo di mestiere; il legno lo chiama. &#8220;Vedere un nodo tra gli anelli mi sembra un invito a comunicare con esso,&#8221; dice. Le sue origini italiane e il suo amore per la vita autentica \u2013 la dolce vita \u2013 sono alla base della sua creativit\u00e0.<\/p>\n<p><strong>Un Autentico Amante della Vita Italiana<\/strong><br \/>\nL\u2019amore di Nicky per il buon cibo, il buon vino e la convivialit\u00e0 si riflette nelle sue creazioni. La sua passione per tutto ci\u00f2 che decora la tavola lo ha portato a creare taglieri e vassoi per aperitivi. \u00c8 nata cos\u00ec una collezione che non si limita a semplici taglieri, ma racconta delle storie. Per ogni occasione, un tagliere unico nel tema e nella forma: strumenti musicali per incontri a tema musicale, sagome di maiale per l&#8217;iconica festa Porco in Piazza nel suo paese natale, San Leonardo.<\/p>\n<p><strong>Patrimonio Culinario e Creativo<\/strong><br \/>\nLa passione di Nicky non si ferma ai taglieri; negli ultimi anni ha ampliato la sua collezione con accessori per la tavola e la cantina. Dai sottobicchieri ai porta prosciutto, porta bicchieri e taglieri con spazi appositamente fresati per le stoviglie \u2013 perfetti per quei momenti in cui la stabilit\u00e0 pu\u00f2 mancare. Tutto \u00e8 pensato per celebrare la convivialit\u00e0 italiana e l\u2019amore per l\u2019artigianato.<\/p>\n","protected":false},"excerpt":{"rendered":"<p>Nicky Manega Nicky Manega: Una Vita per il Legno e la Tavola Fin da piccolo, Nicky \u00e8 affascinato dal legno. Ogni pezzo racconta la propria storia, nascosta tra i nodi e gli anelli. Per Nicky non si tratta solo di mestiere; il legno lo chiama. &#8220;Vedere un nodo tra gli anelli mi sembra un invito [&hellip;]<\/p>\n","protected":false},"author":1,"featured_media":19,"parent":0,"menu_order":0,"comment_status":"closed","ping_status":"closed","template":"","meta":{"footnotes":""},"class_list":["post-35","page","type-page","status-publish","has-post-thumbnail","hentry"],"_links":{"self":[{"href":"https:\/\/nickymanega.com\/index.php?rest_route=\/wp\/v2\/pages\/35","targetHints":{"allow":["GET"]}}],"collection":[{"href":"https:\/\/nickymanega.com\/index.php?rest_route=\/wp\/v2\/pages"}],"about":[{"href":"https:\/\/nickymanega.com\/index.php?rest_route=\/wp\/v2\/types\/page"}],"author":[{"embeddable":true,"href":"https:\/\/nickymanega.com\/index.php?rest_route=\/wp\/v2\/users\/1"}],"replies":[{"embeddable":true,"href":"https:\/\/nickymanega.com\/index.php?rest_route=%2Fwp%2Fv2%2Fcomments&post=35"}],"version-history":[{"count":4,"href":"https:\/\/nickymanega.com\/index.php?rest_route=\/wp\/v2\/pages\/35\/revisions"}],"predecessor-version":[{"id":54,"href":"https:\/\/nickymanega.com\/index.php?rest_route=\/wp\/v2\/pages\/35\/revisions\/54"}],"wp:featuredmedia":[{"embeddable":true,"href":"https:\/\/nickymanega.com\/index.php?rest_route=\/wp\/v2\/media\/19"}],"wp:attachment":[{"href":"https:\/\/nickymanega.com\/index.php?rest_route=%2Fwp%2Fv2%2Fmedia&parent=35"}],"curies":[{"name":"wp","href":"https:\/\/api.w.org\/{rel}","templated":true}]}}